{"id":2,"date":"2015-06-22T20:40:54","date_gmt":"2015-06-22T20:40:54","guid":{"rendered":"http:\/\/murermesterdarlyng.dk\/?page_id=2"},"modified":"2019-08-17T15:04:02","modified_gmt":"2019-08-17T15:04:02","slug":"eksempel-side","status":"publish","type":"page","link":"https:\/\/murermesterdarlyng.dk\/","title":{"rendered":"VI TILBYDER"},"content":{"rendered":"<h2 style=\"text-align: center;\"><img data-attachment-id=\"211\" data-permalink=\"https:\/\/murermesterdarlyng.dk\/?attachment_id=211\" data-orig-file=\"https:\/\/murermesterdarlyng.dk\/wp-content\/uploads\/2016\/10\/bad-i-m.jpg\" data-orig-size=\"2235,1676\" data-comments-opened=\"0\" data-image-meta=\"{&quot;aperture&quot;:&quot;0&quot;,&quot;credit&quot;:&quot;&quot;,&quot;camera&quot;:&quot;&quot;,&quot;caption&quot;:&quot;&quot;,&quot;created_timestamp&quot;:&quot;0&quot;,&quot;copyright&quot;:&quot;&quot;,&quot;focal_length&quot;:&quot;0&quot;,&quot;iso&quot;:&quot;0&quot;,&quot;shutter_speed&quot;:&quot;0&quot;,&quot;title&quot;:&quot;&quot;,&quot;orientation&quot;:&quot;0&quot;}\" data-image-title=\"bad-i-m\" data-image-description=\"\" data-image-caption=\"\" data-medium-file=\"https:\/\/murermesterdarlyng.dk\/wp-content\/uploads\/2016\/10\/bad-i-m-300x225.jpg\" data-large-file=\"https:\/\/murermesterdarlyng.dk\/wp-content\/uploads\/2016\/10\/bad-i-m-1024x768.jpg\" decoding=\"async\" loading=\"lazy\" class=\"wp-image-211\" src=\"http:\/\/murermesterdarlyng.dk\/wp-content\/uploads\/2016\/10\/bad-i-m.jpg\" alt=\"Nye fliser, flisearbejde, travertinfliser, travertin\" width=\"2235\" height=\"1676\" srcset=\"https:\/\/murermesterdarlyng.dk\/wp-content\/uploads\/2016\/10\/bad-i-m.jpg 2235w, https:\/\/murermesterdarlyng.dk\/wp-content\/uploads\/2016\/10\/bad-i-m-300x225.jpg 300w, https:\/\/murermesterdarlyng.dk\/wp-content\/uploads\/2016\/10\/bad-i-m-768x576.jpg 768w, https:\/\/murermesterdarlyng.dk\/wp-content\/uploads\/2016\/10\/bad-i-m-1024x768.jpg 1024w\" sizes=\"(max-width: 2235px) 100vw, 2235px\" \/><\/h2>\n<div>\n<p style=\"text-align: left;\"><strong>Vi servicerer b\u00e5de erhvervs og privatkunder.<\/strong><br \/>\nVi tilbyder alt inden for kvalitets murerarbejde, fra mindre reparationer og flisearbejde, til facadeisolering, tag, bad og nybyg.<\/p>\n<p style=\"text-align: left;\">Kontakt os og f\u00e5 et godt og uforpligtende tilbud, og lad os hj\u00e6lpe dig frem til den bedste l\u00f8sning p\u00e5 dit n\u00e6ste projekt.<\/p>\n<p style=\"text-align: left;\"><strong>TOTALENTREPRISE TILBYDES<\/strong><\/p>\n<p style=\"text-align: left;\"><strong>VI ER MEDLEM AF BYG GARANTI<\/strong><br \/>\n-l\u00e6s mere om hvad det betyder for dig <strong><a href=\"https:\/\/www.byggaranti.dk\/til-forbrugere\/?fbclid=IwAR0c_CwUrghzNv7G57UM8w_Ow5OvIiVtW-WBBacB5xeCuIviAUt-jgSEgjc\" target=\"_blank\" rel=\"noopener noreferrer\">HER<\/a><\/strong><\/p>\n<p style=\"text-align: left;\">Find os p\u00e5 Facebook <a href=\"https:\/\/www.facebook.com\/murermesterdarlyng\/\" target=\"_blank\" rel=\"noopener noreferrer\"><strong>HER<\/strong><\/a><br \/>\n-f\u00f8lg med i vores projekter og f\u00e5 gode r\u00e5d samt sp\u00e6ndende inspiration.<\/p>\n<p style=\"text-align: left;\">KONTAKT OS HER<br \/>\n<strong><span style=\"color: #ff0000;\">MOBIL 22 59 76 00<\/span><\/strong><\/p>\n<\/div>\n<p style=\"text-align: center;\">\n<p style=\"text-align: center;\"><a href=\"https:\/\/www.byggaranti.dk\/til-forbrugere\/\" target=\"_blank\" rel=\"noopener noreferrer\"><img data-attachment-id=\"401\" data-permalink=\"https:\/\/murermesterdarlyng.dk\/?attachment_id=401#main\" data-orig-file=\"https:\/\/murermesterdarlyng.dk\/wp-content\/uploads\/2015\/06\/Byg_Garanti_rgb.jpg\" data-orig-size=\"468,112\" data-comments-opened=\"0\" data-image-meta=\"{&quot;aperture&quot;:&quot;0&quot;,&quot;credit&quot;:&quot;&quot;,&quot;camera&quot;:&quot;&quot;,&quot;caption&quot;:&quot;&quot;,&quot;created_timestamp&quot;:&quot;0&quot;,&quot;copyright&quot;:&quot;&quot;,&quot;focal_length&quot;:&quot;0&quot;,&quot;iso&quot;:&quot;0&quot;,&quot;shutter_speed&quot;:&quot;0&quot;,&quot;title&quot;:&quot;&quot;,&quot;orientation&quot;:&quot;0&quot;}\" data-image-title=\"Byg_Garanti_rgb\" data-image-description=\"\" data-image-caption=\"\" data-medium-file=\"https:\/\/murermesterdarlyng.dk\/wp-content\/uploads\/2015\/06\/Byg_Garanti_rgb-300x72.jpg\" data-large-file=\"https:\/\/murermesterdarlyng.dk\/wp-content\/uploads\/2015\/06\/Byg_Garanti_rgb.jpg\" decoding=\"async\" loading=\"lazy\" class=\"alignnone wp-image-401\" src=\"http:\/\/murermesterdarlyng.dk\/wp-content\/uploads\/2015\/06\/Byg_Garanti_rgb-300x72.jpg\" alt=\"www.murermesterdarlyng.dk\" width=\"275\" height=\"66\" srcset=\"https:\/\/murermesterdarlyng.dk\/wp-content\/uploads\/2015\/06\/Byg_Garanti_rgb-300x72.jpg 300w, https:\/\/murermesterdarlyng.dk\/wp-content\/uploads\/2015\/06\/Byg_Garanti_rgb.jpg 468w\" sizes=\"(max-width: 275px) 100vw, 275px\" \/><\/a><\/p>\n<h1 style=\"text-align: center;\"><\/h1>\n","protected":false},"excerpt":{"rendered":"<p>Vi servicerer b\u00e5de erhvervs og privatkunder. Vi tilbyder alt inden for kvalitets murerarbejde, fra mindre reparationer og flisearbejde, til facadeisolering, tag, bad og nybyg. Kontakt os og f\u00e5 et godt og uforpligtende tilbud, og lad os hj\u00e6lpe dig frem til den bedste l\u00f8sning p\u00e5 dit n\u00e6ste projekt. TOTALENTREPRISE TILBYDES VI ER MEDLEM AF BYG GARANTI &hellip; <a href=\"https:\/\/murermesterdarlyng.dk\/\" class=\"more-link\">Continue reading <span class=\"screen-reader-text\">VI TILBYDER<\/span><\/a><\/p>\n","protected":false},"author":3,"featured_media":0,"parent":0,"menu_order":1,"comment_status":"closed","ping_status":"open","template":"","meta":{"_mi_skip_tracking":false,"jetpack_post_was_ever_published":false},"jetpack_likes_enabled":false,"jetpack-related-posts":[{"id":442,"url":"https:\/\/murermesterdarlyng.dk\/?page_id=442","url_meta":{"origin":2,"position":0},"title":"NYT BAD","date":"8. marts 2018","format":false,"excerpt":"SKAL DU HAVE NYT BAD?Vi g\u00f8r det let for dig, og tilbyder totalentreprise, vi holder styr p\u00e5 alt i processen fra start til slut. Der er mange ting du skal tage h\u00f8jde for, n\u00e5r du skal have nyt badev\u00e6relse, eller renovere et eksisterende bad.Hvilke fliser og klinker skal du v\u00e6lge,\u2026","rel":"","context":"Similar post","img":{"alt_text":"","src":"https:\/\/i0.wp.com\/murermesterdarlyng.dk\/wp-content\/uploads\/2019\/08\/BAD-NICO-A-1.jpg?resize=350%2C200&ssl=1","width":350,"height":200},"classes":[]},{"id":461,"url":"https:\/\/murermesterdarlyng.dk\/?page_id=461","url_meta":{"origin":2,"position":1},"title":"OM OS","date":"27. marts 2018","format":false,"excerpt":"Vi servicerer b\u00e5de erhvervs og privatkunder. Vi l\u00e6gger v\u00e6gt p\u00e5 altid at levere et godt stykke arbejde i topkvalitet og p\u00e5 at hj\u00e6lpe vores kunder til at opn\u00e5 den bedste l\u00f8sning til en fornuftig pris. Jeg er udl\u00e6rt i 2013 hos Uffe Skovlund som er et velkendt familiefirma i Faaborg,\u2026","rel":"","context":"Similar post","img":{"alt_text":"","src":"https:\/\/i0.wp.com\/murermesterdarlyng.dk\/wp-content\/uploads\/2018\/03\/GOOGLE-ANN-1-020218-300x225.jpg?resize=350%2C200","width":350,"height":200},"classes":[]},{"id":547,"url":"https:\/\/murermesterdarlyng.dk\/?page_id=547","url_meta":{"origin":2,"position":2},"title":"FARVEFILTSNING","date":"17. august 2019","format":false,"excerpt":"TR\u00c6NGER DIN FACADE TIL EN K\u00c6RLIG H\u00c5ND?Vi udf\u00f8rer alt fra netpuds til udbedring af meget skadede facader, alm facadepuds, til favefiltsning, som vist her.Det er en god, holdbar og flot l\u00f8sning, der giver en l\u00e6kker levende overflade, og hvor man slipper for at skulle male, da der er farve i\u2026","rel":"","context":"Similar post","img":{"alt_text":"","src":"https:\/\/i0.wp.com\/murermesterdarlyng.dk\/wp-content\/uploads\/2019\/08\/FARVEFILTS-18-3.jpg?resize=350%2C200&ssl=1","width":350,"height":200},"classes":[]},{"id":20,"url":"https:\/\/murermesterdarlyng.dk\/?page_id=20","url_meta":{"origin":2,"position":3},"title":"KONTAKT","date":"21. oktober 2015","format":false,"excerpt":"Vi er altid klar til at hj\u00e6lpe dig Murermester Nicholai Darlyng ApS Tyrsbjergvej 100 5210 Odense NV MOBIL 22 59 76 00 murermester@darlyng-aps.dk CVR 37297178 FIND OS P\u00c5 FACEBOOK HER","rel":"","context":"Similar post","img":{"alt_text":"","src":"","width":0,"height":0},"classes":[]}],"jetpack_sharing_enabled":true,"jetpack_shortlink":"https:\/\/wp.me\/P6Sktm-2","_links":{"self":[{"href":"https:\/\/murermesterdarlyng.dk\/index.php?rest_route=\/wp\/v2\/pages\/2"}],"collection":[{"href":"https:\/\/murermesterdarlyng.dk\/index.php?rest_route=\/wp\/v2\/pages"}],"about":[{"href":"https:\/\/murermesterdarlyng.dk\/index.php?rest_route=\/wp\/v2\/types\/page"}],"author":[{"embeddable":true,"href":"https:\/\/murermesterdarlyng.dk\/index.php?rest_route=\/wp\/v2\/users\/3"}],"replies":[{"embeddable":true,"href":"https:\/\/murermesterdarlyng.dk\/index.php?rest_route=%2Fwp%2Fv2%2Fcomments&post=2"}],"version-history":[{"count":54,"href":"https:\/\/murermesterdarlyng.dk\/index.php?rest_route=\/wp\/v2\/pages\/2\/revisions"}],"predecessor-version":[{"id":543,"href":"https:\/\/murermesterdarlyng.dk\/index.php?rest_route=\/wp\/v2\/pages\/2\/revisions\/543"}],"wp:attachment":[{"href":"https:\/\/murermesterdarlyng.dk\/index.php?rest_route=%2Fwp%2Fv2%2Fmedia&parent=2"}],"curies":[{"name":"wp","href":"https:\/\/api.w.org\/{rel}","templated":true}]}}