{"id":442,"date":"2018-03-08T07:08:12","date_gmt":"2018-03-08T07:08:12","guid":{"rendered":"http:\/\/murermesterdarlyng.dk\/?page_id=442"},"modified":"2019-08-18T07:58:15","modified_gmt":"2019-08-18T07:58:15","slug":"nyt-bad","status":"publish","type":"page","link":"https:\/\/murermesterdarlyng.dk\/?page_id=442","title":{"rendered":"NYT BAD"},"content":{"rendered":"\n<div class=\"wp-block-jetpack-slideshow aligncenter\" data-effect=\"slide\"><div class=\"wp-block-jetpack-slideshow_container swiper-container\"><ul class=\"wp-block-jetpack-slideshow_swiper-wrapper swiper-wrapper\"><li class=\"wp-block-jetpack-slideshow_slide swiper-slide\"><figure><img decoding=\"async\" loading=\"lazy\" width=\"1442\" height=\"1922\" alt=\"\" class=\"wp-block-jetpack-slideshow_image wp-image-549\" data-id=\"549\" src=\"http:\/\/murermesterdarlyng.dk\/wp-content\/uploads\/2019\/08\/BAD-NICO-A-1.jpg\" srcset=\"https:\/\/murermesterdarlyng.dk\/wp-content\/uploads\/2019\/08\/BAD-NICO-A-1.jpg 1442w, https:\/\/murermesterdarlyng.dk\/wp-content\/uploads\/2019\/08\/BAD-NICO-A-1-225x300.jpg 225w, https:\/\/murermesterdarlyng.dk\/wp-content\/uploads\/2019\/08\/BAD-NICO-A-1-768x1024.jpg 768w, https:\/\/murermesterdarlyng.dk\/wp-content\/uploads\/2019\/08\/BAD-NICO-A-1-285x380.jpg 285w\" sizes=\"(max-width: 1442px) 100vw, 1442px\" \/><\/figure><\/li><li class=\"wp-block-jetpack-slideshow_slide swiper-slide\"><figure><img decoding=\"async\" loading=\"lazy\" width=\"1442\" height=\"1922\" alt=\"\" class=\"wp-block-jetpack-slideshow_image wp-image-550\" data-id=\"550\" src=\"http:\/\/murermesterdarlyng.dk\/wp-content\/uploads\/2019\/08\/BAD-NICO-B.jpg\" srcset=\"https:\/\/murermesterdarlyng.dk\/wp-content\/uploads\/2019\/08\/BAD-NICO-B.jpg 1442w, https:\/\/murermesterdarlyng.dk\/wp-content\/uploads\/2019\/08\/BAD-NICO-B-225x300.jpg 225w, https:\/\/murermesterdarlyng.dk\/wp-content\/uploads\/2019\/08\/BAD-NICO-B-768x1024.jpg 768w, https:\/\/murermesterdarlyng.dk\/wp-content\/uploads\/2019\/08\/BAD-NICO-B-285x380.jpg 285w\" sizes=\"(max-width: 1442px) 100vw, 1442px\" \/><\/figure><\/li><li class=\"wp-block-jetpack-slideshow_slide swiper-slide\"><figure><img decoding=\"async\" loading=\"lazy\" width=\"1442\" height=\"1922\" alt=\"\" class=\"wp-block-jetpack-slideshow_image wp-image-552\" data-id=\"552\" src=\"http:\/\/murermesterdarlyng.dk\/wp-content\/uploads\/2019\/08\/BAD-NICO-D.jpg\" srcset=\"https:\/\/murermesterdarlyng.dk\/wp-content\/uploads\/2019\/08\/BAD-NICO-D.jpg 1442w, https:\/\/murermesterdarlyng.dk\/wp-content\/uploads\/2019\/08\/BAD-NICO-D-225x300.jpg 225w, https:\/\/murermesterdarlyng.dk\/wp-content\/uploads\/2019\/08\/BAD-NICO-D-768x1024.jpg 768w, https:\/\/murermesterdarlyng.dk\/wp-content\/uploads\/2019\/08\/BAD-NICO-D-285x380.jpg 285w\" sizes=\"(max-width: 1442px) 100vw, 1442px\" \/><\/figure><\/li><li class=\"wp-block-jetpack-slideshow_slide swiper-slide\"><figure><img decoding=\"async\" loading=\"lazy\" width=\"1439\" height=\"1922\" alt=\"\" class=\"wp-block-jetpack-slideshow_image wp-image-551\" data-id=\"551\" src=\"http:\/\/murermesterdarlyng.dk\/wp-content\/uploads\/2019\/08\/BAD-NICO-C.jpg\" srcset=\"https:\/\/murermesterdarlyng.dk\/wp-content\/uploads\/2019\/08\/BAD-NICO-C.jpg 1439w, https:\/\/murermesterdarlyng.dk\/wp-content\/uploads\/2019\/08\/BAD-NICO-C-225x300.jpg 225w, https:\/\/murermesterdarlyng.dk\/wp-content\/uploads\/2019\/08\/BAD-NICO-C-768x1026.jpg 768w, https:\/\/murermesterdarlyng.dk\/wp-content\/uploads\/2019\/08\/BAD-NICO-C-767x1024.jpg 767w, https:\/\/murermesterdarlyng.dk\/wp-content\/uploads\/2019\/08\/BAD-NICO-C-285x380.jpg 285w\" sizes=\"(max-width: 1439px) 100vw, 1439px\" \/><\/figure><\/li><li class=\"wp-block-jetpack-slideshow_slide swiper-slide\"><figure><img decoding=\"async\" loading=\"lazy\" width=\"1442\" height=\"1922\" alt=\"\" class=\"wp-block-jetpack-slideshow_image wp-image-553\" data-id=\"553\" src=\"http:\/\/murermesterdarlyng.dk\/wp-content\/uploads\/2019\/08\/BAD-NICO-E.jpg\" srcset=\"https:\/\/murermesterdarlyng.dk\/wp-content\/uploads\/2019\/08\/BAD-NICO-E.jpg 1442w, https:\/\/murermesterdarlyng.dk\/wp-content\/uploads\/2019\/08\/BAD-NICO-E-225x300.jpg 225w, https:\/\/murermesterdarlyng.dk\/wp-content\/uploads\/2019\/08\/BAD-NICO-E-768x1024.jpg 768w, https:\/\/murermesterdarlyng.dk\/wp-content\/uploads\/2019\/08\/BAD-NICO-E-285x380.jpg 285w\" sizes=\"(max-width: 1442px) 100vw, 1442px\" \/><\/figure><\/li><li class=\"wp-block-jetpack-slideshow_slide swiper-slide\"><figure><img decoding=\"async\" loading=\"lazy\" width=\"1442\" height=\"1922\" alt=\"\" class=\"wp-block-jetpack-slideshow_image wp-image-554\" data-id=\"554\" src=\"http:\/\/murermesterdarlyng.dk\/wp-content\/uploads\/2019\/08\/BAD-NICO-F.jpg\" srcset=\"https:\/\/murermesterdarlyng.dk\/wp-content\/uploads\/2019\/08\/BAD-NICO-F.jpg 1442w, https:\/\/murermesterdarlyng.dk\/wp-content\/uploads\/2019\/08\/BAD-NICO-F-225x300.jpg 225w, https:\/\/murermesterdarlyng.dk\/wp-content\/uploads\/2019\/08\/BAD-NICO-F-768x1024.jpg 768w, https:\/\/murermesterdarlyng.dk\/wp-content\/uploads\/2019\/08\/BAD-NICO-F-285x380.jpg 285w\" sizes=\"(max-width: 1442px) 100vw, 1442px\" \/><\/figure><\/li><li class=\"wp-block-jetpack-slideshow_slide swiper-slide\"><figure><img decoding=\"async\" loading=\"lazy\" width=\"1439\" height=\"1922\" alt=\"\" class=\"wp-block-jetpack-slideshow_image wp-image-555\" data-id=\"555\" src=\"http:\/\/murermesterdarlyng.dk\/wp-content\/uploads\/2019\/08\/BAD-NICO-G.jpg\" srcset=\"https:\/\/murermesterdarlyng.dk\/wp-content\/uploads\/2019\/08\/BAD-NICO-G.jpg 1439w, https:\/\/murermesterdarlyng.dk\/wp-content\/uploads\/2019\/08\/BAD-NICO-G-225x300.jpg 225w, https:\/\/murermesterdarlyng.dk\/wp-content\/uploads\/2019\/08\/BAD-NICO-G-768x1026.jpg 768w, https:\/\/murermesterdarlyng.dk\/wp-content\/uploads\/2019\/08\/BAD-NICO-G-767x1024.jpg 767w, https:\/\/murermesterdarlyng.dk\/wp-content\/uploads\/2019\/08\/BAD-NICO-G-285x380.jpg 285w\" sizes=\"(max-width: 1439px) 100vw, 1439px\" \/><\/figure><\/li><\/ul><a class=\"wp-block-jetpack-slideshow_button-prev swiper-button-prev swiper-button-white\" role=\"button\"><\/a><a class=\"wp-block-jetpack-slideshow_button-next swiper-button-next swiper-button-white\" role=\"button\"><\/a><a aria-label=\"Pause Slideshow\" class=\"wp-block-jetpack-slideshow_button-pause\" role=\"button\"><\/a><div class=\"wp-block-jetpack-slideshow_pagination swiper-pagination swiper-pagination-white\"><\/div><\/div><\/div>\n\n\n<p style=\"text-align: left;\"><span style=\"font-size: 18pt;\"><strong>SKAL DU HAVE NYT BAD?<\/strong><\/span><br \/>Vi g\u00f8r det let for dig, og tilbyder totalentreprise, vi holder styr p\u00e5 alt i processen fra start til slut.<\/p>\n<p>Der er mange ting du skal tage h\u00f8jde for, n\u00e5r du skal have nyt badev\u00e6relse, eller renovere et eksisterende bad.<br \/>Hvilke fliser og klinker skal du v\u00e6lge, hvordan skal brusenichen v\u00e6re, skal det v\u00e6re et v\u00e6gh\u00e6ngt toilet, og hvad med armatur&#8230; og s\u00e5 er der ogs\u00e5 alle de skjulte ting, med st\u00f8bning af nyt gulv, gulvarme, nedtagning af evt. gamle fliser, pudsning af v\u00e6gge, og hvis badet er i k\u00e6lderen skal der m\u00e5ske ogs\u00e5 efterisoleres, f.eks med Multipor blokke, det kan tit v\u00e6re en rigtig god ide&#8230;<\/p>\n<p>Vi hj\u00e6lper dig med at tage h\u00e5nd om alle dine sp\u00f8rgsm\u00e5l, og er altid klar til at r\u00e5dgive dig.<\/p>\n<p>KONTAKT OS OG F\u00c5 ET UFORPLIGTENDE TILBUD<br \/><strong>Vi er medlem af BYG GARANTI\u00a0<\/strong><\/p>\n<p style=\"text-align: left;\"><span style=\"font-size: 12pt;\"> TOTALENTREPRISE TILBYDES<\/span><br \/><span style=\"color: #ff0000;\"><strong><span style=\"font-size: 12pt;\"> MOBIL 22 59 76 00<\/span><\/strong><\/span><\/p>\n<p style=\"text-align: left;\"><strong>SMUT IND OG F\u00d8LG OS P\u00c5<\/strong><br \/><strong> <a href=\"https:\/\/www.facebook.com\/murermesterdarlyng\/\" target=\"_blank\" rel=\"noopener noreferrer\">FACEBOOK<\/a><\/strong><\/p>","protected":false},"excerpt":{"rendered":"<p>SKAL DU HAVE NYT BAD?Vi g\u00f8r det let for dig, og tilbyder totalentreprise, vi holder styr p\u00e5 alt i processen fra start til slut. Der er mange ting du skal tage h\u00f8jde for, n\u00e5r du skal have nyt badev\u00e6relse, eller renovere et eksisterende bad.Hvilke fliser og klinker skal du v\u00e6lge, hvordan skal brusenichen v\u00e6re, skal &hellip; <a href=\"https:\/\/murermesterdarlyng.dk\/?page_id=442\" class=\"more-link\">Continue reading <span class=\"screen-reader-text\">NYT BAD<\/span><\/a><\/p>\n","protected":false},"author":3,"featured_media":0,"parent":0,"menu_order":3,"comment_status":"closed","ping_status":"closed","template":"","meta":{"_mi_skip_tracking":false,"jetpack_post_was_ever_published":false},"jetpack_likes_enabled":false,"jetpack-related-posts":[{"id":2,"url":"https:\/\/murermesterdarlyng.dk\/","url_meta":{"origin":442,"position":0},"title":"VI TILBYDER","date":"22. juni 2015","format":false,"excerpt":"Vi servicerer b\u00e5de erhvervs og privatkunder. Vi tilbyder alt inden for kvalitets murerarbejde, fra mindre reparationer og flisearbejde, til facadeisolering, tag, bad og nybyg. Kontakt os og f\u00e5 et godt og uforpligtende tilbud, og lad os hj\u00e6lpe dig frem til den bedste l\u00f8sning p\u00e5 dit n\u00e6ste projekt. TOTALENTREPRISE TILBYDES VI\u2026","rel":"","context":"Similar post","img":{"alt_text":"Nye fliser, flisearbejde, travertinfliser, travertin","src":"https:\/\/i0.wp.com\/murermesterdarlyng.dk\/wp-content\/uploads\/2016\/10\/bad-i-m.jpg?resize=350%2C200","width":350,"height":200},"classes":[]}],"jetpack_sharing_enabled":true,"jetpack_shortlink":"https:\/\/wp.me\/P6Sktm-78","_links":{"self":[{"href":"https:\/\/murermesterdarlyng.dk\/index.php?rest_route=\/wp\/v2\/pages\/442"}],"collection":[{"href":"https:\/\/murermesterdarlyng.dk\/index.php?rest_route=\/wp\/v2\/pages"}],"about":[{"href":"https:\/\/murermesterdarlyng.dk\/index.php?rest_route=\/wp\/v2\/types\/page"}],"author":[{"embeddable":true,"href":"https:\/\/murermesterdarlyng.dk\/index.php?rest_route=\/wp\/v2\/users\/3"}],"replies":[{"embeddable":true,"href":"https:\/\/murermesterdarlyng.dk\/index.php?rest_route=%2Fwp%2Fv2%2Fcomments&post=442"}],"version-history":[{"count":14,"href":"https:\/\/murermesterdarlyng.dk\/index.php?rest_route=\/wp\/v2\/pages\/442\/revisions"}],"predecessor-version":[{"id":570,"href":"https:\/\/murermesterdarlyng.dk\/index.php?rest_route=\/wp\/v2\/pages\/442\/revisions\/570"}],"wp:attachment":[{"href":"https:\/\/murermesterdarlyng.dk\/index.php?rest_route=%2Fwp%2Fv2%2Fmedia&parent=442"}],"curies":[{"name":"wp","href":"https:\/\/api.w.org\/{rel}","templated":true}]}}