{"id":461,"date":"2018-03-27T16:38:23","date_gmt":"2018-03-27T16:38:23","guid":{"rendered":"http:\/\/murermesterdarlyng.dk\/?page_id=461"},"modified":"2019-08-17T13:58:59","modified_gmt":"2019-08-17T13:58:59","slug":"om-os","status":"publish","type":"page","link":"https:\/\/murermesterdarlyng.dk\/?page_id=461","title":{"rendered":"OM OS"},"content":{"rendered":"<p><a href=\"http:\/\/murermesterdarlyng.dk\/wp-content\/uploads\/2018\/03\/GOOGLE-ANN-1-020218.jpg\"><img data-attachment-id=\"462\" data-permalink=\"https:\/\/murermesterdarlyng.dk\/?attachment_id=462#main\" data-orig-file=\"https:\/\/murermesterdarlyng.dk\/wp-content\/uploads\/2018\/03\/GOOGLE-ANN-1-020218.jpg\" data-orig-size=\"2253,1690\" data-comments-opened=\"0\" data-image-meta=\"{&quot;aperture&quot;:&quot;0&quot;,&quot;credit&quot;:&quot;&quot;,&quot;camera&quot;:&quot;&quot;,&quot;caption&quot;:&quot;&quot;,&quot;created_timestamp&quot;:&quot;0&quot;,&quot;copyright&quot;:&quot;&quot;,&quot;focal_length&quot;:&quot;0&quot;,&quot;iso&quot;:&quot;0&quot;,&quot;shutter_speed&quot;:&quot;0&quot;,&quot;title&quot;:&quot;&quot;,&quot;orientation&quot;:&quot;0&quot;}\" data-image-title=\"GOOGLE ANN 1 020218\" data-image-description=\"\" data-image-caption=\"\" data-medium-file=\"https:\/\/murermesterdarlyng.dk\/wp-content\/uploads\/2018\/03\/GOOGLE-ANN-1-020218-300x225.jpg\" data-large-file=\"https:\/\/murermesterdarlyng.dk\/wp-content\/uploads\/2018\/03\/GOOGLE-ANN-1-020218-644x483.jpg\" decoding=\"async\" loading=\"lazy\" class=\"size-medium wp-image-462 alignnone\" src=\"http:\/\/murermesterdarlyng.dk\/wp-content\/uploads\/2018\/03\/GOOGLE-ANN-1-020218-300x225.jpg\" alt=\"www.murermesterdarlyng.dk\" width=\"300\" height=\"225\" srcset=\"https:\/\/murermesterdarlyng.dk\/wp-content\/uploads\/2018\/03\/GOOGLE-ANN-1-020218-300x225.jpg 300w, https:\/\/murermesterdarlyng.dk\/wp-content\/uploads\/2018\/03\/GOOGLE-ANN-1-020218-768x576.jpg 768w, https:\/\/murermesterdarlyng.dk\/wp-content\/uploads\/2018\/03\/GOOGLE-ANN-1-020218-644x483.jpg 644w\" sizes=\"(max-width: 300px) 100vw, 300px\" \/><\/a><\/p>\n<p style=\"text-align: left;\">Vi servicerer b\u00e5de erhvervs og privatkunder.<br \/>\nVi l\u00e6gger v\u00e6gt p\u00e5 altid at levere et godt stykke arbejde i topkvalitet og p\u00e5 at hj\u00e6lpe vores kunder til at opn\u00e5 den bedste l\u00f8sning til en fornuftig pris.<\/p>\n<p style=\"text-align: left;\">Jeg er udl\u00e6rt i 2013 hos Uffe Skovlund som er et velkendt familiefirma i Faaborg, med 90 \u00e5rs erfaring.<br \/>\nHos dem, fik jeg en rigtig god og alsidig mureruddannelse samt b\u00e5de modet og lysten til at starte murerfirma op selv.<\/p>\n<p style=\"text-align: left;\">Jeg startede op som selvst\u00e6ndig murermester sommeren 2014.<br \/>\nVi kan varetage en bred vifte af mureropgaver og har p\u00e5 vores relativt korte levetid, form\u00e5et at f\u00e5 opbygget et solidt firma med en stor erfaring inden for rigtig mange opgaver.<\/p>\n","protected":false},"excerpt":{"rendered":"<p>Vi servicerer b\u00e5de erhvervs og privatkunder. Vi l\u00e6gger v\u00e6gt p\u00e5 altid at levere et godt stykke arbejde i topkvalitet og p\u00e5 at hj\u00e6lpe vores kunder til at opn\u00e5 den bedste l\u00f8sning til en fornuftig pris. Jeg er udl\u00e6rt i 2013 hos Uffe Skovlund som er et velkendt familiefirma i Faaborg, med 90 \u00e5rs erfaring. Hos &hellip; <a href=\"https:\/\/murermesterdarlyng.dk\/?page_id=461\" class=\"more-link\">Continue reading <span class=\"screen-reader-text\">OM OS<\/span><\/a><\/p>\n","protected":false},"author":3,"featured_media":0,"parent":0,"menu_order":23,"comment_status":"closed","ping_status":"closed","template":"","meta":{"_mi_skip_tracking":false,"jetpack_post_was_ever_published":false},"jetpack_likes_enabled":false,"jetpack-related-posts":[{"id":2,"url":"https:\/\/murermesterdarlyng.dk\/","url_meta":{"origin":461,"position":0},"title":"VI TILBYDER","date":"22. juni 2015","format":false,"excerpt":"Vi servicerer b\u00e5de erhvervs og privatkunder. Vi tilbyder alt inden for kvalitets murerarbejde, fra mindre reparationer og flisearbejde, til facadeisolering, tag, bad og nybyg. Kontakt os og f\u00e5 et godt og uforpligtende tilbud, og lad os hj\u00e6lpe dig frem til den bedste l\u00f8sning p\u00e5 dit n\u00e6ste projekt. TOTALENTREPRISE TILBYDES VI\u2026","rel":"","context":"Similar post","img":{"alt_text":"Nye fliser, flisearbejde, travertinfliser, travertin","src":"https:\/\/i0.wp.com\/murermesterdarlyng.dk\/wp-content\/uploads\/2016\/10\/bad-i-m.jpg?resize=350%2C200","width":350,"height":200},"classes":[]},{"id":442,"url":"https:\/\/murermesterdarlyng.dk\/?page_id=442","url_meta":{"origin":461,"position":1},"title":"NYT BAD","date":"8. marts 2018","format":false,"excerpt":"SKAL DU HAVE NYT BAD?Vi g\u00f8r det let for dig, og tilbyder totalentreprise, vi holder styr p\u00e5 alt i processen fra start til slut. Der er mange ting du skal tage h\u00f8jde for, n\u00e5r du skal have nyt badev\u00e6relse, eller renovere et eksisterende bad.Hvilke fliser og klinker skal du v\u00e6lge,\u2026","rel":"","context":"Similar post","img":{"alt_text":"","src":"https:\/\/i0.wp.com\/murermesterdarlyng.dk\/wp-content\/uploads\/2019\/08\/BAD-NICO-A-1.jpg?resize=350%2C200&ssl=1","width":350,"height":200},"classes":[]},{"id":547,"url":"https:\/\/murermesterdarlyng.dk\/?page_id=547","url_meta":{"origin":461,"position":2},"title":"FARVEFILTSNING","date":"17. august 2019","format":false,"excerpt":"TR\u00c6NGER DIN FACADE TIL EN K\u00c6RLIG H\u00c5ND?Vi udf\u00f8rer alt fra netpuds til udbedring af meget skadede facader, alm facadepuds, til favefiltsning, som vist her.Det er en god, holdbar og flot l\u00f8sning, der giver en l\u00e6kker levende overflade, og hvor man slipper for at skulle male, da der er farve i\u2026","rel":"","context":"Similar post","img":{"alt_text":"","src":"https:\/\/i0.wp.com\/murermesterdarlyng.dk\/wp-content\/uploads\/2019\/08\/FARVEFILTS-18-3.jpg?resize=350%2C200&ssl=1","width":350,"height":200},"classes":[]},{"id":20,"url":"https:\/\/murermesterdarlyng.dk\/?page_id=20","url_meta":{"origin":461,"position":3},"title":"KONTAKT","date":"21. oktober 2015","format":false,"excerpt":"Vi er altid klar til at hj\u00e6lpe dig Murermester Nicholai Darlyng ApS Tyrsbjergvej 100 5210 Odense NV MOBIL 22 59 76 00 murermester@darlyng-aps.dk CVR 37297178 FIND OS P\u00c5 FACEBOOK HER","rel":"","context":"Similar post","img":{"alt_text":"","src":"","width":0,"height":0},"classes":[]}],"jetpack_sharing_enabled":true,"jetpack_shortlink":"https:\/\/wp.me\/P6Sktm-7r","_links":{"self":[{"href":"https:\/\/murermesterdarlyng.dk\/index.php?rest_route=\/wp\/v2\/pages\/461"}],"collection":[{"href":"https:\/\/murermesterdarlyng.dk\/index.php?rest_route=\/wp\/v2\/pages"}],"about":[{"href":"https:\/\/murermesterdarlyng.dk\/index.php?rest_route=\/wp\/v2\/types\/page"}],"author":[{"embeddable":true,"href":"https:\/\/murermesterdarlyng.dk\/index.php?rest_route=\/wp\/v2\/users\/3"}],"replies":[{"embeddable":true,"href":"https:\/\/murermesterdarlyng.dk\/index.php?rest_route=%2Fwp%2Fv2%2Fcomments&post=461"}],"version-history":[{"count":3,"href":"https:\/\/murermesterdarlyng.dk\/index.php?rest_route=\/wp\/v2\/pages\/461\/revisions"}],"predecessor-version":[{"id":538,"href":"https:\/\/murermesterdarlyng.dk\/index.php?rest_route=\/wp\/v2\/pages\/461\/revisions\/538"}],"wp:attachment":[{"href":"https:\/\/murermesterdarlyng.dk\/index.php?rest_route=%2Fwp%2Fv2%2Fmedia&parent=461"}],"curies":[{"name":"wp","href":"https:\/\/api.w.org\/{rel}","templated":true}]}}